{"id":30,"date":"2021-12-18T15:52:36","date_gmt":"2021-12-18T15:52:36","guid":{"rendered":"https:\/\/www.erleb-dich-ep.de\/?page_id=30"},"modified":"2024-02-04T18:41:10","modified_gmt":"2024-02-04T18:41:10","slug":"impressum","status":"publish","type":"page","link":"https:\/\/www.erleb-dich-ep.de\/index.php\/impressum\/","title":{"rendered":"Impressum"},"content":{"rendered":"<p>[et_pb_section fb_built=&#8220;1&#8243; custom_padding_last_edited=&#8220;on|phone&#8220; admin_label=&#8220;Header Section&#8220; _builder_version=&#8220;4.16&#8243; background_color=&#8220;#fff9ef&#8220; use_background_color_gradient=&#8220;on&#8220; background_color_gradient_stops=&#8220;#fff9ef 0%|rgba(255,255,255,0) 100%&#8220; background_color_gradient_overlays_image=&#8220;on&#8220; background_color_gradient_start=&#8220;#fff9ef&#8220; background_color_gradient_end=&#8220;rgba(255,255,255,0)&#8220; background_image=&#8220;https:\/\/www.erleb-dich-ep.de\/wp-content\/uploads\/2021\/12\/Wald.jpg&#8220; custom_padding=&#8220;15.8%|0px|16px|0px||&#8220; custom_padding_tablet=&#8220;320px|0px|0px|0px&#8220; custom_padding_phone=&#8220;250px||0px||false|false&#8220; box_shadow_style=&#8220;preset7&#8243; box_shadow_horizontal=&#8220;0px&#8220; box_shadow_vertical=&#8220;-180px&#8220; box_shadow_color=&#8220;#f9f9f9&#8243; global_colors_info=&#8220;{}&#8220;][et_pb_row admin_label=&#8220;Header Row&#8220; _builder_version=&#8220;4.16&#8243; min_height=&#8220;117px&#8220; custom_margin=&#8220;1px|auto||auto||&#8220; custom_padding=&#8220;0px|||||&#8220; global_colors_info=&#8220;{}&#8220;][et_pb_column type=&#8220;4_4&#8243; _builder_version=&#8220;4.16&#8243; custom_padding=&#8220;|||&#8220; global_colors_info=&#8220;{}&#8220; custom_padding__hover=&#8220;|||&#8220;][et_pb_text _builder_version=&#8220;4.16&#8243; text_font=&#8220;Open Sans|600|||||||&#8220; text_font_size=&#8220;16px&#8220; text_line_height=&#8220;1.8em&#8220; header_font=&#8220;Oswald|||on|||||&#8220; header_font_size=&#8220;60px&#8220; header_letter_spacing=&#8220;5px&#8220; header_line_height=&#8220;1.4em&#8220; text_orientation=&#8220;center&#8220; max_width=&#8220;700px&#8220; module_alignment=&#8220;center&#8220; min_height=&#8220;90px&#8220; custom_margin=&#8220;10px||||false|false&#8220; custom_padding=&#8220;0px||||false|false&#8220; hover_transition_duration=&#8220;0ms&#8220; header_font_size_tablet=&#8220;60px&#8220; header_font_size_phone=&#8220;45px&#8220; header_font_size_last_edited=&#8220;on|phone&#8220; global_colors_info=&#8220;{}&#8220;]<\/p>\n<h1>Impressum<\/h1>\n<p>[\/et_pb_text][\/et_pb_column][\/et_pb_row][\/et_pb_section][et_pb_section fb_built=&#8220;1&#8243; _builder_version=&#8220;4.16&#8243; _module_preset=&#8220;default&#8220; background_enable_color=&#8220;off&#8220; custom_margin=&#8220;-3px|||||&#8220; global_colors_info=&#8220;{}&#8220;][et_pb_row column_structure=&#8220;1_2,1_2&#8243; _builder_version=&#8220;4.16&#8243; _module_preset=&#8220;default&#8220; global_colors_info=&#8220;{}&#8220;][et_pb_column type=&#8220;1_2&#8243; _builder_version=&#8220;4.16&#8243; _module_preset=&#8220;default&#8220; global_colors_info=&#8220;{}&#8220;][et_pb_text _builder_version=&#8220;4.16&#8243; _module_preset=&#8220;default&#8220; global_colors_info=&#8220;{}&#8220;]<\/p>\n<h2>Angaben gem\u00e4\u00df \u00a75 TMG<\/h2>\n<p>Erleb Dich<br \/>Inhaberin: Silke Kammerer<br \/>Elly-Heu\u00df-Knapp-Str. 2<br \/>76676 Graben-Neudorf<br \/>Germany<\/p>\n<p>[\/et_pb_text][et_pb_text _builder_version=&#8220;4.16&#8243; _module_preset=&#8220;default&#8220; global_colors_info=&#8220;{}&#8220;]<\/p>\n<h2>Kontakt<\/h2>\n<p>Tel: +49 7255 90852<br \/>Mail: silke@erleb-dich-ep.de<\/p>\n<p>[\/et_pb_text][et_pb_text _builder_version=&#8220;4.16&#8243; _module_preset=&#8220;default&#8220; global_colors_info=&#8220;{}&#8220;]<\/p>\n<h2>Verantwortlich f\u00fcr den Inhalt nach \u00a755 Abs. 2 RStV<\/h2>\n<p>Erleb Dich<br \/>Inhaberin: Silke Kammerer<br \/>Elly-Heu\u00df-Knapp-Str. 2<br \/>76676 Graben-Neudorf<br \/>Germany<\/p>\n<p>[\/et_pb_text][\/et_pb_column][et_pb_column type=&#8220;1_2&#8243; _builder_version=&#8220;4.16&#8243; _module_preset=&#8220;default&#8220; global_colors_info=&#8220;{}&#8220;][et_pb_text _builder_version=&#8220;4.16&#8243; _module_preset=&#8220;default&#8220; global_colors_info=&#8220;{}&#8220;]<\/p>\n<h2>Haftungsausschluss (Disclaimer)<\/h2>\n<h3>Haftung f\u00fcr Inhalte<\/h3>\n<p>Als Diensteanbieter bin ich gem\u00e4\u00df \u00a7 7 Abs.1 TMG f\u00fcr eigene Inhalte auf diesen Seiten nach den allgemeinen Gesetzen verantwortlich. Nach \u00a7\u00a7 8 bis 10 TMG bin ich als Diensteanbieter jedoch nicht verpflichtet, \u00fcbermittelte oder gespeicherte fremde Informationen zu \u00fcberwachen oder nach Umst\u00e4nden zu forschen, die auf eine rechtswidrige T\u00e4tigkeit hinweisen. Verpflichtungen zur Entfernung oder Sperrung der Nutzung von Informationen nach den allgemeinen Gesetzen bleiben hiervon unber\u00fchrt. Eine diesbez\u00fcgliche Haftung ist jedoch erst ab dem Zeitpunkt der Kenntnis einer konkreten Rechtsverletzung m\u00f6glich. Bei Bekanntwerden von entsprechenden Rechtsverletzungen werde ich diese Inhalte umgehend entfernen.<\/p>\n<h3>Haftung f\u00fcr Links<\/h3>\n<p>Mein Angebot enth\u00e4lt Links zu externen Webseiten Dritter, auf deren Inhalte ich keinen Einfluss habe. Deshalb kann ich f\u00fcr diese fremden Inhalte auch keine Gew\u00e4hr \u00fcbernehmen. F\u00fcr die Inhalte der verlinkten Seiten ist stets der jeweilige Anbieter oder Betreiber der Seiten verantwortlich. Die verlinkten Seiten wurden zum Zeitpunkt der Verlinkung auf m\u00f6gliche Rechtsverst\u00f6\u00dfe \u00fcberpr\u00fcft. Rechtswidrige Inhalte waren zum Zeitpunkt der Verlinkung nicht erkennbar. Eine permanente inhaltliche Kontrolle der verlinkten Seiten ist jedoch ohne konkrete Anhaltspunkte einer Rechtsverletzung nicht zumutbar. Bei Bekanntwerden von Rechtsverletzungen werde ich derartige Links umgehend entfernen.<\/p>\n<h3>Urheberrecht<\/h3>\n<p>Die durch die Seitenbetreiber erstellten Inhalte und Werke auf diesen Seiten unterliegen dem deutschen Urheberrecht. Die Vervielf\u00e4ltigung, Bearbeitung, Verbreitung und jede Art der Verwertung au\u00dferhalb der Grenzen des Urheberrechtes bed\u00fcrfen der schriftlichen Zustimmung des jeweiligen Autors bzw. Erstellers. Downloads und Kopien dieser Seite sind nur f\u00fcr den privaten, nicht kommerziellen Gebrauch gestattet. Soweit die Inhalte auf dieser Seite nicht vom Betreiber erstellt wurden, werden die Urheberrechte Dritter beachtet. Insbesondere werden Inhalte Dritter als solche gekennzeichnet. Sollten Sie trotzdem auf eine Urheberrechtsverletzung aufmerksam werden, bitten wir um einen entsprechenden Hinweis. Bei Bekanntwerden von Rechtsverletzungen werden wir derartige Inhalte umgehend entfernen.<\/p>\n<p>[\/et_pb_text][\/et_pb_column][\/et_pb_row][\/et_pb_section]<\/p>\n","protected":false},"excerpt":{"rendered":"<p>ImpressumAngaben gem\u00e4\u00df \u00a75 TMG Erleb DichInhaberin: Silke KammererElly-Heu\u00df-Knapp-Str. 276676 Graben-NeudorfGermanyKontakt Tel: +49 7255 90852Mail: silke@erleb-dich-ep.deVerantwortlich f\u00fcr den Inhalt nach \u00a755 Abs. 2 RStV Erleb DichInhaberin: Silke KammererElly-Heu\u00df-Knapp-Str. 276676 Graben-NeudorfGermanyHaftungsausschluss (Disclaimer) Haftung f\u00fcr Inhalte Als Diensteanbieter bin ich gem\u00e4\u00df \u00a7 7 Abs.1 TMG f\u00fcr eigene Inhalte auf diesen Seiten nach den allgemeinen Gesetzen verantwortlich. Nach \u00a7\u00a7 [&hellip;]<\/p>\n","protected":false},"author":1,"featured_media":0,"parent":0,"menu_order":0,"comment_status":"closed","ping_status":"closed","template":"","meta":{"_et_pb_use_builder":"on","_et_pb_old_content":"","_et_gb_content_width":"","footnotes":""},"class_list":["post-30","page","type-page","status-publish","hentry"],"yoast_head":"<!-- This site is optimized with the Yoast SEO plugin v27.1.1 - https:\/\/yoast.com\/product\/yoast-seo-wordpress\/ -->\n<title>Impressum - Erleb Dich<\/title>\n<meta name=\"robots\" content=\"index, follow, max-snippet:-1, max-image-preview:large, max-video-preview:-1\" \/>\n<link rel=\"canonical\" href=\"https:\/\/www.erleb-dich-ep.de\/index.php\/impressum\/\" \/>\n<meta property=\"og:locale\" content=\"de_DE\" \/>\n<meta property=\"og:type\" content=\"article\" \/>\n<meta property=\"og:title\" content=\"Impressum - Erleb Dich\" \/>\n<meta property=\"og:description\" content=\"ImpressumAngaben gem\u00e4\u00df \u00a75 TMG Erleb DichInhaberin: Silke KammererElly-Heu\u00df-Knapp-Str. 276676 Graben-NeudorfGermanyKontakt Tel: +49 7255 90852Mail: silke@erleb-dich-ep.deVerantwortlich f\u00fcr den Inhalt nach \u00a755 Abs. 2 RStV Erleb DichInhaberin: Silke KammererElly-Heu\u00df-Knapp-Str. 276676 Graben-NeudorfGermanyHaftungsausschluss (Disclaimer) Haftung f\u00fcr Inhalte Als Diensteanbieter bin ich gem\u00e4\u00df \u00a7 7 Abs.1 TMG f\u00fcr eigene Inhalte auf diesen Seiten nach den allgemeinen Gesetzen verantwortlich. Nach \u00a7\u00a7 [&hellip;]\" \/>\n<meta property=\"og:url\" content=\"https:\/\/www.erleb-dich-ep.de\/index.php\/impressum\/\" \/>\n<meta property=\"og:site_name\" content=\"Erleb Dich\" \/>\n<meta property=\"article:modified_time\" content=\"2024-02-04T18:41:10+00:00\" \/>\n<meta name=\"twitter:card\" content=\"summary_large_image\" \/>\n<meta name=\"twitter:label1\" content=\"Gesch\u00e4tzte Lesezeit\" \/>\n\t<meta name=\"twitter:data1\" content=\"3\u00a0Minuten\" \/>\n<script type=\"application\/ld+json\" class=\"yoast-schema-graph\">{\"@context\":\"https:\/\/schema.org\",\"@graph\":[{\"@type\":\"WebPage\",\"@id\":\"https:\/\/www.erleb-dich-ep.de\/index.php\/impressum\/\",\"url\":\"https:\/\/www.erleb-dich-ep.de\/index.php\/impressum\/\",\"name\":\"Impressum - Erleb Dich\",\"isPartOf\":{\"@id\":\"https:\/\/www.erleb-dich-ep.de\/#website\"},\"datePublished\":\"2021-12-18T15:52:36+00:00\",\"dateModified\":\"2024-02-04T18:41:10+00:00\",\"breadcrumb\":{\"@id\":\"https:\/\/www.erleb-dich-ep.de\/index.php\/impressum\/#breadcrumb\"},\"inLanguage\":\"de\",\"potentialAction\":[{\"@type\":\"ReadAction\",\"target\":[\"https:\/\/www.erleb-dich-ep.de\/index.php\/impressum\/\"]}]},{\"@type\":\"BreadcrumbList\",\"@id\":\"https:\/\/www.erleb-dich-ep.de\/index.php\/impressum\/#breadcrumb\",\"itemListElement\":[{\"@type\":\"ListItem\",\"position\":1,\"name\":\"Start\",\"item\":\"https:\/\/www.erleb-dich-ep.de\/\"},{\"@type\":\"ListItem\",\"position\":2,\"name\":\"Impressum\"}]},{\"@type\":\"WebSite\",\"@id\":\"https:\/\/www.erleb-dich-ep.de\/#website\",\"url\":\"https:\/\/www.erleb-dich-ep.de\/\",\"name\":\"Erleb Dich\",\"description\":\"Erlebnisorientierte Teamentwicklung\",\"potentialAction\":[{\"@type\":\"SearchAction\",\"target\":{\"@type\":\"EntryPoint\",\"urlTemplate\":\"https:\/\/www.erleb-dich-ep.de\/?s={search_term_string}\"},\"query-input\":{\"@type\":\"PropertyValueSpecification\",\"valueRequired\":true,\"valueName\":\"search_term_string\"}}],\"inLanguage\":\"de\"}]}<\/script>\n<!-- \/ Yoast SEO plugin. -->","yoast_head_json":{"title":"Impressum - Erleb Dich","robots":{"index":"index","follow":"follow","max-snippet":"max-snippet:-1","max-image-preview":"max-image-preview:large","max-video-preview":"max-video-preview:-1"},"canonical":"https:\/\/www.erleb-dich-ep.de\/index.php\/impressum\/","og_locale":"de_DE","og_type":"article","og_title":"Impressum - Erleb Dich","og_description":"ImpressumAngaben gem\u00e4\u00df \u00a75 TMG Erleb DichInhaberin: Silke KammererElly-Heu\u00df-Knapp-Str. 276676 Graben-NeudorfGermanyKontakt Tel: +49 7255 90852Mail: silke@erleb-dich-ep.deVerantwortlich f\u00fcr den Inhalt nach \u00a755 Abs. 2 RStV Erleb DichInhaberin: Silke KammererElly-Heu\u00df-Knapp-Str. 276676 Graben-NeudorfGermanyHaftungsausschluss (Disclaimer) Haftung f\u00fcr Inhalte Als Diensteanbieter bin ich gem\u00e4\u00df \u00a7 7 Abs.1 TMG f\u00fcr eigene Inhalte auf diesen Seiten nach den allgemeinen Gesetzen verantwortlich. Nach \u00a7\u00a7 [&hellip;]","og_url":"https:\/\/www.erleb-dich-ep.de\/index.php\/impressum\/","og_site_name":"Erleb Dich","article_modified_time":"2024-02-04T18:41:10+00:00","twitter_card":"summary_large_image","twitter_misc":{"Gesch\u00e4tzte Lesezeit":"3\u00a0Minuten"},"schema":{"@context":"https:\/\/schema.org","@graph":[{"@type":"WebPage","@id":"https:\/\/www.erleb-dich-ep.de\/index.php\/impressum\/","url":"https:\/\/www.erleb-dich-ep.de\/index.php\/impressum\/","name":"Impressum - Erleb Dich","isPartOf":{"@id":"https:\/\/www.erleb-dich-ep.de\/#website"},"datePublished":"2021-12-18T15:52:36+00:00","dateModified":"2024-02-04T18:41:10+00:00","breadcrumb":{"@id":"https:\/\/www.erleb-dich-ep.de\/index.php\/impressum\/#breadcrumb"},"inLanguage":"de","potentialAction":[{"@type":"ReadAction","target":["https:\/\/www.erleb-dich-ep.de\/index.php\/impressum\/"]}]},{"@type":"BreadcrumbList","@id":"https:\/\/www.erleb-dich-ep.de\/index.php\/impressum\/#breadcrumb","itemListElement":[{"@type":"ListItem","position":1,"name":"Start","item":"https:\/\/www.erleb-dich-ep.de\/"},{"@type":"ListItem","position":2,"name":"Impressum"}]},{"@type":"WebSite","@id":"https:\/\/www.erleb-dich-ep.de\/#website","url":"https:\/\/www.erleb-dich-ep.de\/","name":"Erleb Dich","description":"Erlebnisorientierte Teamentwicklung","potentialAction":[{"@type":"SearchAction","target":{"@type":"EntryPoint","urlTemplate":"https:\/\/www.erleb-dich-ep.de\/?s={search_term_string}"},"query-input":{"@type":"PropertyValueSpecification","valueRequired":true,"valueName":"search_term_string"}}],"inLanguage":"de"}]}},"_links":{"self":[{"href":"https:\/\/www.erleb-dich-ep.de\/index.php\/wp-json\/wp\/v2\/pages\/30","targetHints":{"allow":["GET"]}}],"collection":[{"href":"https:\/\/www.erleb-dich-ep.de\/index.php\/wp-json\/wp\/v2\/pages"}],"about":[{"href":"https:\/\/www.erleb-dich-ep.de\/index.php\/wp-json\/wp\/v2\/types\/page"}],"author":[{"embeddable":true,"href":"https:\/\/www.erleb-dich-ep.de\/index.php\/wp-json\/wp\/v2\/users\/1"}],"replies":[{"embeddable":true,"href":"https:\/\/www.erleb-dich-ep.de\/index.php\/wp-json\/wp\/v2\/comments?post=30"}],"version-history":[{"count":9,"href":"https:\/\/www.erleb-dich-ep.de\/index.php\/wp-json\/wp\/v2\/pages\/30\/revisions"}],"predecessor-version":[{"id":228,"href":"https:\/\/www.erleb-dich-ep.de\/index.php\/wp-json\/wp\/v2\/pages\/30\/revisions\/228"}],"wp:attachment":[{"href":"https:\/\/www.erleb-dich-ep.de\/index.php\/wp-json\/wp\/v2\/media?parent=30"}],"curies":[{"name":"wp","href":"https:\/\/api.w.org\/{rel}","templated":true}]}}